{"id":12,"date":"2026-02-11T16:07:35","date_gmt":"2026-02-11T16:07:35","guid":{"rendered":"https:\/\/romane-pasco.fr\/?page_id=12"},"modified":"2026-02-11T16:12:24","modified_gmt":"2026-02-11T16:12:24","slug":"note-dintention-du-memoire","status":"publish","type":"page","link":"https:\/\/romane-pasco.fr\/index.php\/note-dintention-du-memoire\/","title":{"rendered":"Note d\u2019intention du m\u00e9moire"},"content":{"rendered":"\n<p>Le m\u00e8me se d\u00e9finit par ce qui perdure \u00e0 travers la r\u00e9p\u00e9tition du \u00ab\u00a0m\u00eame\u00a0\u00bb. Cette homophonie entre \u00ab\u00a0m\u00e8me\u00a0\u00bb et \u00ab\u00a0m\u00eame\u00a0\u00bb \u00e9claire sa nature intrins\u00e8que. <em>Richard Dawkins, dans Le G\u00e8ne \u00e9go\u00efste (1976)<\/em>, pr\u00e9sente le m\u00e8me comme un \u00ab r\u00e9plicateur culturel \u00bb : une unit\u00e9 immat\u00e9rielle qui, \u00e0 l\u2019instar du g\u00e8ne, se transmet en se modifiant subtilement. Avec l&rsquo;av\u00e8nement du num\u00e9rique, ce concept s\u2019illustre sous forme d\u2019images, de phrases ou de s\u00e9quences vid\u00e9os, largement diffus\u00e9es et r\u00e9appropri\u00e9es sur le web.<\/p>\n\n\n\n<figure class=\"wp-block-image size-full is-resized\"><img loading=\"lazy\" decoding=\"async\" width=\"682\" height=\"1000\" src=\"https:\/\/romane-pasco.fr\/wp-content\/uploads\/2026\/02\/image.png\" alt=\"\" class=\"wp-image-18\" style=\"aspect-ratio:0.6820021614696511;width:199px;height:auto\" srcset=\"https:\/\/romane-pasco.fr\/wp-content\/uploads\/2026\/02\/image.png 682w, https:\/\/romane-pasco.fr\/wp-content\/uploads\/2026\/02\/image-205x300.png 205w\" sizes=\"auto, (max-width: 682px) 100vw, 682px\" \/><\/figure>\n\n\n\n<p>La cr\u00e9ation d\u2019un m\u00e8me repose sur l\u2019op\u00e9ration de d\u00e9tournement, une recomposition d\u2019\u00e9l\u00e9ments iconographiques, sonores ou visuels pr\u00e9existants. Ces productions se propagent de mani\u00e8re virale, impuls\u00e9es par un objectif ludique, humoristique ou critique, par une communaut\u00e9 plus ou moins vaste et globale d\u2019internautes. \u00c0 travers cette multiplication permise par les technologies num\u00e9riques, les m\u00e8mes occupent une position centrale dans les \u00e9changes culturels num\u00e9riques.<\/p>\n\n\n\n<p>Ici, le geste cr\u00e9atif se dissocie de l\u2019id\u00e9e d\u2019un objet graphique fig\u00e9e : contrairement au graphiste qui con\u00e7oit une pi\u00e8ce unique destin\u00e9e \u00e0 une reproduction identique, le m\u00e8me est pens\u00e9 pour s\u2019alt\u00e9rer continuellement. Sa valeur r\u00e9side dans cette plasticit\u00e9 essentielle. Walter Benjamin, dans <em>L\u2019\u0152uvre d\u2019art \u00e0 l\u2019\u00e9poque de sa reproductibilit\u00e9 technique,<\/em> observe que la reproduction technique affranchit l\u2019\u0153uvre de son ancrage dans la tradition, la livrant \u00e0 une existence s\u00e9rielle. Le m\u00e8me exacerbe cette logique, faisant de la variation une condition d\u2019existence.<\/p>\n\n\n\n<p>Chaque m\u00e8me porte une identit\u00e9 visuelle propre : un choix de typographie, une palette de couleurs, une composition particuli\u00e8re. Pourtant, leurs cr\u00e9ateurs ne se disent pas forc\u00e9ment designers. Souvent d\u00e9pourvus de formation formelle, leurs cr\u00e9ateur\u00b7rice\u00b7s agissent par instinct, par mim\u00e9tisme, sans mobiliser de savoir th\u00e9orique graphique.<\/p>\n\n\n\n<p>Et pourtant, leurs gestes sont pleinement ancr\u00e9s dans le champ du design graphique. Comme dans tout message visuel, ses composantes graphiques, les hi\u00e9rarchies visuelles et typographiques sont pr\u00e9sents. Paradoxalement, ces \u0153uvres cultivent aussi l\u2019imperfection. La police Comic Sans MS, le pixel ab\u00eem\u00e9 par des compressions r\u00e9p\u00e9t\u00e9es, les couleurs discordantes, la composition approximative hors des r\u00e8gles habituelles composent une esth\u00e9tique du rat\u00e9, une forme d\u2019art brut num\u00e9rique.Ces cr\u00e9ations hors normes et hors codes r\u00e9v\u00e8lent un amateurisme revendiqu\u00e9 qui devient une signature, un style en soi.<\/p>\n\n\n\n<p>Mon int\u00e9r\u00eat pour les m\u00e8mes num\u00e9riques s\u2019est construit au fil de ma pratique d\u2019Internet. Tumblr, YouTube, ces espaces remplie o\u00f9 tout se croise, chaque page promettant une nouvelle d\u00e9couverte. Les m\u00e8mes y sont partout, comme des marqueurs culturels porteurs d\u2019une culture collective en perp\u00e9tuelle reconstruction. Chaque communaut\u00e9 y d\u00e9veloppe ses propres codes, ses r\u00e9f\u00e9rences, son style. J\u2019ai progressivement constitu\u00e9 une collecte de ces pi\u00e8ces prot\u00e9iformes. Ce qui m\u2019interpelle est cette facult\u00e9 qu\u2019ont les m\u00e8mes \u00e0 cr\u00e9er des ponts entre des id\u00e9es disparates, \u00e0 r\u00e9v\u00e9ler une forme d\u2019inspiration qui peut provenir de partout, de l&rsquo;ordinaire comme de l\u2019extraordinaire.C\u2019est cette mall\u00e9abilit\u00e9 qui m\u2019a aussi\u00a0 pouss\u00e9e \u00e0 en produire, dans les groupes de r\u00e9seaux sociaux ou j&rsquo;\u00e9voquais mais aussi en dehors du num\u00e9rique avec mes amies.<\/p>\n\n\n\n<p><br>Ma r\u00e9flexion s\u2019articule autour de plusieurs questions fondamentales : pourquoi le m\u00e8me, malgr\u00e9 son apparence simple, voire volontairement \u00ab rat\u00e9e \u00bb, parvient-il \u00e0 transmettre autant d\u2019\u00e9motions et d\u2019id\u00e9es, et \u00e0 rassembler des communaut\u00e9s sur Internet ? Comment cette forme graphique, con\u00e7ue pour \u00eatre transform\u00e9e sans cesse, red\u00e9finit-elle la notion d\u2019originalit\u00e9 et le geste cr\u00e9atif dans un design en perp\u00e9tuel mouvement ? En quoi le m\u00e8me s\u2019inscrit-il dans un graphisme du divertissement, et peut-il \u00eatre consid\u00e9r\u00e9 comme son signe distinctif ? Le m\u00e8me est-il seulement un objet de distraction, ou peut-il aussi devenir un moyen d\u2019expression critique et culturelle ?<\/p>\n\n\n\n<p><\/p>\n\n\n\n<ul class=\"wp-block-list\">\n<li>Kaplan, Fr\u00e9d\u00e9ric et Nicolas Nova, <em>La culture Internet des m\u00e8mes<\/em>, Presses polytechniques et universitaires romandes (PPUR), 2016.<\/li>\n\n\n\n<li>Pascal, Blaise, <em>Pens\u00e9es<\/em>, Le Livre de poche, 2008, chap. \u00ab divertissement \u00bb.<\/li>\n\n\n\n<li>Benjamin, Walter, <em>L\u2019\u0152uvre d\u2019art \u00e0 l\u2019\u00e9poque de sa reproductibilit\u00e9 technique<\/em>, Gallimard, 2003.<\/li>\n<\/ul>\n","protected":false},"excerpt":{"rendered":"<p>Le m\u00e8me se d\u00e9finit par ce qui perdure \u00e0 travers la r\u00e9p\u00e9tition du \u00ab\u00a0m\u00eame\u00a0\u00bb. Cette homophonie entre \u00ab\u00a0m\u00e8me\u00a0\u00bb et \u00ab\u00a0m\u00eame\u00a0\u00bb \u00e9claire sa nature intrins\u00e8que. Richard Dawkins, dans Le G\u00e8ne \u00e9go\u00efste (1976), pr\u00e9sente le m\u00e8me comme un \u00ab r\u00e9plicateur culturel \u00bb : une unit\u00e9 immat\u00e9rielle qui, \u00e0 l\u2019instar du g\u00e8ne, se transmet en se modifiant subtilement. &hellip; <\/p>\n<p class=\"link-more\"><a href=\"https:\/\/romane-pasco.fr\/index.php\/note-dintention-du-memoire\/\" class=\"more-link\">Continuer la lecture<span class=\"screen-reader-text\"> de &laquo;&nbsp;Note d\u2019intention du m\u00e9moire&nbsp;&raquo;<\/span><\/a><\/p>\n","protected":false},"author":1,"featured_media":0,"parent":0,"menu_order":0,"comment_status":"closed","ping_status":"closed","template":"","meta":{"footnotes":""},"class_list":["post-12","page","type-page","status-publish","hentry"],"_links":{"self":[{"href":"https:\/\/romane-pasco.fr\/index.php\/wp-json\/wp\/v2\/pages\/12","targetHints":{"allow":["GET"]}}],"collection":[{"href":"https:\/\/romane-pasco.fr\/index.php\/wp-json\/wp\/v2\/pages"}],"about":[{"href":"https:\/\/romane-pasco.fr\/index.php\/wp-json\/wp\/v2\/types\/page"}],"author":[{"embeddable":true,"href":"https:\/\/romane-pasco.fr\/index.php\/wp-json\/wp\/v2\/users\/1"}],"replies":[{"embeddable":true,"href":"https:\/\/romane-pasco.fr\/index.php\/wp-json\/wp\/v2\/comments?post=12"}],"version-history":[{"count":6,"href":"https:\/\/romane-pasco.fr\/index.php\/wp-json\/wp\/v2\/pages\/12\/revisions"}],"predecessor-version":[{"id":20,"href":"https:\/\/romane-pasco.fr\/index.php\/wp-json\/wp\/v2\/pages\/12\/revisions\/20"}],"wp:attachment":[{"href":"https:\/\/romane-pasco.fr\/index.php\/wp-json\/wp\/v2\/media?parent=12"}],"curies":[{"name":"wp","href":"https:\/\/api.w.org\/{rel}","templated":true}]}}